{"id":974,"date":"2019-10-03T18:05:13","date_gmt":"2019-10-03T18:05:13","guid":{"rendered":"https:\/\/hr.wisc.edu\/eid\/?page_id=974"},"modified":"2021-01-15T15:46:29","modified_gmt":"2021-01-15T15:46:29","slug":"spanish","status":"publish","type":"page","link":"https:\/\/hr.wisc.edu\/eid\/spanish\/","title":{"rendered":"Participaci\u00f3n, inclusi\u00f3n y diversidad"},"content":{"rendered":"","protected":false},"excerpt":{"rendered":"<p>Declaraci\u00f3n oficial sobre la diversidad Para la Universidad de Wisconsin\u2013Madison, la diversidad es una fuente de fortaleza, creatividad e innovaci\u00f3n. Valoramos las contribuciones de cada persona y respetamos c\u00f3mo su identidad, cultura, origen, experiencia, posici\u00f3n, capacidades y opiniones enriquecen la comunidad universitaria profundamente. Nos comprometemos para lograr la excelencia en nuestras ense\u00f1anzas, investigaciones, esfuerzos de&hellip;<\/p>\n","protected":false},"author":37,"featured_media":0,"parent":0,"menu_order":0,"comment_status":"closed","ping_status":"closed","template":"ohr-hero-landing.php","meta":{"_acf_changed":false,"footnotes":""},"class_list":["post-974","page","type-page","status-publish","hentry"],"acf":[],"_links":{"self":[{"href":"https:\/\/hr.wisc.edu\/eid\/wp-json\/wp\/v2\/pages\/974","targetHints":{"allow":["GET"]}}],"collection":[{"href":"https:\/\/hr.wisc.edu\/eid\/wp-json\/wp\/v2\/pages"}],"about":[{"href":"https:\/\/hr.wisc.edu\/eid\/wp-json\/wp\/v2\/types\/page"}],"author":[{"embeddable":true,"href":"https:\/\/hr.wisc.edu\/eid\/wp-json\/wp\/v2\/users\/37"}],"replies":[{"embeddable":true,"href":"https:\/\/hr.wisc.edu\/eid\/wp-json\/wp\/v2\/comments?post=974"}],"version-history":[{"count":23,"href":"https:\/\/hr.wisc.edu\/eid\/wp-json\/wp\/v2\/pages\/974\/revisions"}],"predecessor-version":[{"id":1278,"href":"https:\/\/hr.wisc.edu\/eid\/wp-json\/wp\/v2\/pages\/974\/revisions\/1278"}],"wp:attachment":[{"href":"https:\/\/hr.wisc.edu\/eid\/wp-json\/wp\/v2\/media?parent=974"}],"curies":[{"name":"wp","href":"https:\/\/api.w.org\/{rel}","templated":true}]}}